{"id":701,"date":"2024-04-28T15:38:30","date_gmt":"2024-04-28T13:38:30","guid":{"rendered":"https:\/\/adca-artois.fr\/?page_id=701"},"modified":"2024-04-28T15:40:02","modified_gmt":"2024-04-28T13:40:02","slug":"videos-locales","status":"publish","type":"page","link":"https:\/\/adca-artois.fr\/index.php\/videos-locales\/","title":{"rendered":"VIDEOS LOCALES"},"content":{"rendered":"\n<h2 class=\"wp-block-heading has-text-align-left\">WEO : Merci pour l&rsquo;accueil \u00e0 Norrent-Fontes<\/h2>\n\n\n\n<figure class=\"wp-block-embed is-type-video is-provider-youtube wp-block-embed-youtube wp-embed-aspect-16-9 wp-has-aspect-ratio\"><div class=\"wp-block-embed__wrapper\">\n<p class=\"responsive-video-wrap clr\"><iframe loading=\"lazy\" title=\"Merci pour l&#039;accueil \u00e0 Norrent-Fontes : Histoire et cressiculture\" width=\"1200\" height=\"675\" src=\"https:\/\/www.youtube.com\/embed\/E7O0xSimj9c?feature=oembed\" frameborder=\"0\" allow=\"accelerometer; autoplay; clipboard-write; encrypted-media; gyroscope; picture-in-picture; web-share\" referrerpolicy=\"strict-origin-when-cross-origin\" allowfullscreen><\/iframe><\/p>\n<\/div><\/figure>\n\n\n\n<h2 class=\"wp-block-heading\">WEO : Merci pour l&rsquo;accueil \u00e0 Saint-Hilaire-Cottes<\/h2>\n\n\n\n<figure class=\"wp-block-embed is-type-video is-provider-youtube wp-block-embed-youtube wp-embed-aspect-16-9 wp-has-aspect-ratio\"><div class=\"wp-block-embed__wrapper\">\n<p class=\"responsive-video-wrap clr\"><iframe loading=\"lazy\" title=\"Merci pour l&#039;accueil \u00e0 Saint-Hilaire-Cottes : un village, deux \u00e9glises\" width=\"1200\" height=\"675\" src=\"https:\/\/www.youtube.com\/embed\/ByQgrSptlKA?start=7&#038;feature=oembed\" frameborder=\"0\" allow=\"accelerometer; autoplay; clipboard-write; encrypted-media; gyroscope; picture-in-picture; web-share\" referrerpolicy=\"strict-origin-when-cross-origin\" allowfullscreen><\/iframe><\/p>\n<\/div><\/figure>\n","protected":false},"excerpt":{"rendered":"<p>WEO : Merci pour l&rsquo;accueil \u00e0 Norrent-Fontes WEO : Merci pour l&rsquo;accueil \u00e0 Saint-Hilaire-Cottes<\/p>\n","protected":false},"author":1,"featured_media":0,"parent":0,"menu_order":0,"comment_status":"closed","ping_status":"closed","template":"","meta":{"footnotes":""},"class_list":["post-701","page","type-page","status-publish","hentry","entry"],"yoast_head":"<!-- This site is optimized with the Yoast SEO plugin v21.2 - https:\/\/yoast.com\/wordpress\/plugins\/seo\/ -->\n<title>VIDEOS LOCALES - Association pour la D\u00e9couverte d&#039;un Coin d&#039;Artois - entre Lys et Clarence -<\/title>\n<meta name=\"robots\" content=\"index, follow, max-snippet:-1, max-image-preview:large, max-video-preview:-1\" \/>\n<link rel=\"canonical\" href=\"https:\/\/adca-artois.fr\/index.php\/videos-locales\/\" \/>\n<meta property=\"og:locale\" content=\"fr_FR\" \/>\n<meta property=\"og:type\" content=\"article\" \/>\n<meta property=\"og:title\" content=\"VIDEOS LOCALES - Association pour la D\u00e9couverte d&#039;un Coin d&#039;Artois - entre Lys et Clarence -\" \/>\n<meta property=\"og:description\" content=\"WEO : Merci pour l&rsquo;accueil \u00e0 Norrent-Fontes WEO : Merci pour l&rsquo;accueil \u00e0 Saint-Hilaire-Cottes\" \/>\n<meta property=\"og:url\" content=\"https:\/\/adca-artois.fr\/index.php\/videos-locales\/\" \/>\n<meta property=\"og:site_name\" content=\"Association pour la D\u00e9couverte d&#039;un Coin d&#039;Artois - entre Lys et Clarence -\" \/>\n<meta property=\"article:modified_time\" content=\"2024-04-28T13:40:02+00:00\" \/>\n<meta name=\"twitter:card\" content=\"summary_large_image\" \/>\n<meta name=\"twitter:label1\" content=\"Dur\u00e9e de lecture estim\u00e9e\" \/>\n\t<meta name=\"twitter:data1\" content=\"1 minute\" \/>\n<script type=\"application\/ld+json\" class=\"yoast-schema-graph\">{\"@context\":\"https:\/\/schema.org\",\"@graph\":[{\"@type\":\"WebPage\",\"@id\":\"https:\/\/adca-artois.fr\/index.php\/videos-locales\/\",\"url\":\"https:\/\/adca-artois.fr\/index.php\/videos-locales\/\",\"name\":\"VIDEOS LOCALES - Association pour la D\u00e9couverte d&#039;un Coin d&#039;Artois - entre Lys et Clarence -\",\"isPartOf\":{\"@id\":\"https:\/\/adca-artois.fr\/#website\"},\"datePublished\":\"2024-04-28T13:38:30+00:00\",\"dateModified\":\"2024-04-28T13:40:02+00:00\",\"breadcrumb\":{\"@id\":\"https:\/\/adca-artois.fr\/index.php\/videos-locales\/#breadcrumb\"},\"inLanguage\":\"fr-FR\",\"potentialAction\":[{\"@type\":\"ReadAction\",\"target\":[\"https:\/\/adca-artois.fr\/index.php\/videos-locales\/\"]}]},{\"@type\":\"BreadcrumbList\",\"@id\":\"https:\/\/adca-artois.fr\/index.php\/videos-locales\/#breadcrumb\",\"itemListElement\":[{\"@type\":\"ListItem\",\"position\":1,\"name\":\"Accueil\",\"item\":\"https:\/\/adca-artois.fr\/\"},{\"@type\":\"ListItem\",\"position\":2,\"name\":\"VIDEOS LOCALES\"}]},{\"@type\":\"WebSite\",\"@id\":\"https:\/\/adca-artois.fr\/#website\",\"url\":\"https:\/\/adca-artois.fr\/\",\"name\":\"Association pour la D\u00e9couverte d&#039;un Coin d&#039;Artois - entre Lys et Clarence -\",\"description\":\"L&#039;A.D.C.A est une Association r\u00e9gie par la loi du 1er Juillet 1901. Elle a \u00e9t\u00e9 fond\u00e9e le 23 janvier 1986. Notre Association propose la D\u00e9couverte et la promotion  de l&#039;histoire d&#039;un Coin d&#039;Artois sous tous ses aspects pour la partager avec le plus grand nombre d&#039;amateurs de tout \u00e2ge. Elle compte environ 60 membres. Si vous \u00eates int\u00e9ress\u00e9 par l&#039;histoire de notre r\u00e9gion, par des recherches g\u00e9n\u00e9alogiques ou participer  \u00e0 nos sorties th\u00e9matiques. Rejoignez-nous. L&#039;adh\u00e9sion est de 10 \u20ac et 15 \u20ac pour les couples.\",\"alternateName\":\"ADCA\",\"potentialAction\":[{\"@type\":\"SearchAction\",\"target\":{\"@type\":\"EntryPoint\",\"urlTemplate\":\"https:\/\/adca-artois.fr\/?s={search_term_string}\"},\"query-input\":\"required name=search_term_string\"}],\"inLanguage\":\"fr-FR\"}]}<\/script>\n<!-- \/ Yoast SEO plugin. -->","yoast_head_json":{"title":"VIDEOS LOCALES - Association pour la D\u00e9couverte d&#039;un Coin d&#039;Artois - entre Lys et Clarence -","robots":{"index":"index","follow":"follow","max-snippet":"max-snippet:-1","max-image-preview":"max-image-preview:large","max-video-preview":"max-video-preview:-1"},"canonical":"https:\/\/adca-artois.fr\/index.php\/videos-locales\/","og_locale":"fr_FR","og_type":"article","og_title":"VIDEOS LOCALES - Association pour la D\u00e9couverte d&#039;un Coin d&#039;Artois - entre Lys et Clarence -","og_description":"WEO : Merci pour l&rsquo;accueil \u00e0 Norrent-Fontes WEO : Merci pour l&rsquo;accueil \u00e0 Saint-Hilaire-Cottes","og_url":"https:\/\/adca-artois.fr\/index.php\/videos-locales\/","og_site_name":"Association pour la D\u00e9couverte d&#039;un Coin d&#039;Artois - entre Lys et Clarence -","article_modified_time":"2024-04-28T13:40:02+00:00","twitter_card":"summary_large_image","twitter_misc":{"Dur\u00e9e de lecture estim\u00e9e":"1 minute"},"schema":{"@context":"https:\/\/schema.org","@graph":[{"@type":"WebPage","@id":"https:\/\/adca-artois.fr\/index.php\/videos-locales\/","url":"https:\/\/adca-artois.fr\/index.php\/videos-locales\/","name":"VIDEOS LOCALES - Association pour la D\u00e9couverte d&#039;un Coin d&#039;Artois - entre Lys et Clarence -","isPartOf":{"@id":"https:\/\/adca-artois.fr\/#website"},"datePublished":"2024-04-28T13:38:30+00:00","dateModified":"2024-04-28T13:40:02+00:00","breadcrumb":{"@id":"https:\/\/adca-artois.fr\/index.php\/videos-locales\/#breadcrumb"},"inLanguage":"fr-FR","potentialAction":[{"@type":"ReadAction","target":["https:\/\/adca-artois.fr\/index.php\/videos-locales\/"]}]},{"@type":"BreadcrumbList","@id":"https:\/\/adca-artois.fr\/index.php\/videos-locales\/#breadcrumb","itemListElement":[{"@type":"ListItem","position":1,"name":"Accueil","item":"https:\/\/adca-artois.fr\/"},{"@type":"ListItem","position":2,"name":"VIDEOS LOCALES"}]},{"@type":"WebSite","@id":"https:\/\/adca-artois.fr\/#website","url":"https:\/\/adca-artois.fr\/","name":"Association pour la D\u00e9couverte d&#039;un Coin d&#039;Artois - entre Lys et Clarence -","description":"L&#039;A.D.C.A est une Association r\u00e9gie par la loi du 1er Juillet 1901. Elle a \u00e9t\u00e9 fond\u00e9e le 23 janvier 1986. Notre Association propose la D\u00e9couverte et la promotion  de l&#039;histoire d&#039;un Coin d&#039;Artois sous tous ses aspects pour la partager avec le plus grand nombre d&#039;amateurs de tout \u00e2ge. Elle compte environ 60 membres. Si vous \u00eates int\u00e9ress\u00e9 par l&#039;histoire de notre r\u00e9gion, par des recherches g\u00e9n\u00e9alogiques ou participer  \u00e0 nos sorties th\u00e9matiques. Rejoignez-nous. L&#039;adh\u00e9sion est de 10 \u20ac et 15 \u20ac pour les couples.","alternateName":"ADCA","potentialAction":[{"@type":"SearchAction","target":{"@type":"EntryPoint","urlTemplate":"https:\/\/adca-artois.fr\/?s={search_term_string}"},"query-input":"required name=search_term_string"}],"inLanguage":"fr-FR"}]}},"_links":{"self":[{"href":"https:\/\/adca-artois.fr\/index.php\/wp-json\/wp\/v2\/pages\/701","targetHints":{"allow":["GET"]}}],"collection":[{"href":"https:\/\/adca-artois.fr\/index.php\/wp-json\/wp\/v2\/pages"}],"about":[{"href":"https:\/\/adca-artois.fr\/index.php\/wp-json\/wp\/v2\/types\/page"}],"author":[{"embeddable":true,"href":"https:\/\/adca-artois.fr\/index.php\/wp-json\/wp\/v2\/users\/1"}],"replies":[{"embeddable":true,"href":"https:\/\/adca-artois.fr\/index.php\/wp-json\/wp\/v2\/comments?post=701"}],"version-history":[{"count":4,"href":"https:\/\/adca-artois.fr\/index.php\/wp-json\/wp\/v2\/pages\/701\/revisions"}],"predecessor-version":[{"id":706,"href":"https:\/\/adca-artois.fr\/index.php\/wp-json\/wp\/v2\/pages\/701\/revisions\/706"}],"wp:attachment":[{"href":"https:\/\/adca-artois.fr\/index.php\/wp-json\/wp\/v2\/media?parent=701"}],"curies":[{"name":"wp","href":"https:\/\/api.w.org\/{rel}","templated":true}]}}