{"id":33,"date":"2023-09-13T20:22:36","date_gmt":"2023-09-13T18:22:36","guid":{"rendered":"https:\/\/adca-artois.fr\/?page_id=33"},"modified":"2024-08-11T19:56:00","modified_gmt":"2024-08-11T17:56:00","slug":"liens","status":"publish","type":"page","link":"https:\/\/adca-artois.fr\/index.php\/liens\/","title":{"rendered":"LIENS"},"content":{"rendered":"\n<p class=\"has-text-align-center has-vivid-cyan-blue-color has-text-color has-x-large-font-size\"><strong>LIENS FAVORIS VERS SITES<\/strong> <\/p>\n\n\n\n<p class=\"has-text-align-center has-black-color has-text-color has-background has-medium-font-size\" style=\"background:linear-gradient(135deg,rgb(122,220,180) 18%,rgb(0,208,130) 100%)\">ARCHITECTURE &amp; PATRIMOINE.<\/p>\n\n\n\n<p class=\"has-text-align-center has-black-color has-text-color has-background has-medium-font-size\" style=\"background:linear-gradient(135deg,rgb(122,220,180) 18%,rgb(0,208,130) 100%)\">RESSOURCES GENEALOGIQUES<\/p>\n\n\n\n<p class=\"has-text-align-center has-black-color has-text-color has-background has-medium-font-size\" style=\"background:linear-gradient(135deg,rgb(122,220,180) 18%,rgb(0,208,130) 100%)\">GUERRES MONDIALES<\/p>\n\n\n\n<p class=\"has-text-align-center has-black-color has-vivid-green-cyan-background-color has-text-color has-background has-link-color has-medium-font-size wp-elements-7a56728d3c69bceeaba8cd88aa9f6b60\">GUERRE d&rsquo;ALGERIE<\/p>\n\n\n\n<p class=\"has-text-align-center has-black-color has-text-color has-background has-medium-font-size\" style=\"background:linear-gradient(135deg,rgb(122,220,180) 18%,rgb(0,208,130) 100%)\">HISTOIRE LOCALE  &amp; ETHNOLOGIE<\/p>\n\n\n\n<p class=\"has-text-align-center has-black-color has-text-color has-background has-medium-font-size\" style=\"background:linear-gradient(135deg,rgb(122,220,180) 18%,rgb(0,208,130) 100%)\">TOURISME &amp; CULTURE<\/p>\n\n\n\n<p class=\"has-text-align-center has-black-color has-text-color has-background has-medium-font-size\" style=\"background:linear-gradient(135deg,rgb(122,220,180) 18%,rgb(0,208,130) 100%)\">CARTES &amp; CADASTRE<\/p>\n\n\n\n<p class=\"has-text-align-center has-black-color has-text-color has-background has-medium-font-size\" style=\"background:linear-gradient(135deg,rgb(122,220,180) 18%,rgb(0,208,130) 100%)\"> DICTIONNAIRE EN LIGNE<\/p>\n\n\n\n<p class=\"has-text-align-center has-black-color has-text-color has-background has-medium-font-size\" style=\"background:linear-gradient(135deg,rgb(122,220,180) 18%,rgb(0,208,130) 100%)\">SITES COMMUNES<\/p>\n\n\n\n<p class=\"has-text-align-center has-vivid-cyan-blue-color has-text-color\"><a href=\"https:\/\/adca-artois.fr\/wp-content\/uploads\/2024\/08\/sites.htm\"><img loading=\"lazy\" decoding=\"async\" width=\"84\" height=\"110\" class=\"wp-image-178\" style=\"width: 84px;\" src=\"https:\/\/adca-artois.fr\/wp-content\/uploads\/2023\/09\/liens.jpg\" alt=\"\"><\/a><\/p>\n\n\n\n<p class=\"has-text-align-center has-vivid-red-color has-text-color\">Cliquer sur l&rsquo;image <\/p>\n\n\n\n<p><\/p>\n","protected":false},"excerpt":{"rendered":"<p>LIENS FAVORIS VERS SITES ARCHITECTURE &amp; PATRIMOINE. RESSOURCES GENEALOGIQUES GUERRES MONDIALES GUERRE d&rsquo;ALGERIE HISTOIRE LOCALE &amp; ETHNOLOGIE TOURISME &amp; CULTURE CARTES &amp; CADASTRE DICTIONNAIRE EN LIGNE SITES COMMUNES Cliquer sur l&rsquo;image<\/p>\n","protected":false},"author":1,"featured_media":0,"parent":0,"menu_order":0,"comment_status":"closed","ping_status":"closed","template":"","meta":{"footnotes":""},"class_list":["post-33","page","type-page","status-publish","hentry","entry"],"yoast_head":"<!-- This site is optimized with the Yoast SEO plugin v21.2 - https:\/\/yoast.com\/wordpress\/plugins\/seo\/ -->\n<title>LIENS - Association pour la D\u00e9couverte d&#039;un Coin d&#039;Artois - entre Lys et Clarence -<\/title>\n<meta name=\"robots\" content=\"index, follow, max-snippet:-1, max-image-preview:large, max-video-preview:-1\" \/>\n<link rel=\"canonical\" href=\"https:\/\/adca-artois.fr\/index.php\/liens\/\" \/>\n<meta property=\"og:locale\" content=\"fr_FR\" \/>\n<meta property=\"og:type\" content=\"article\" \/>\n<meta property=\"og:title\" content=\"LIENS - Association pour la D\u00e9couverte d&#039;un Coin d&#039;Artois - entre Lys et Clarence -\" \/>\n<meta property=\"og:description\" content=\"LIENS FAVORIS VERS SITES ARCHITECTURE &amp; PATRIMOINE. RESSOURCES GENEALOGIQUES GUERRES MONDIALES GUERRE d&rsquo;ALGERIE HISTOIRE LOCALE &amp; ETHNOLOGIE TOURISME &amp; CULTURE CARTES &amp; CADASTRE DICTIONNAIRE EN LIGNE SITES COMMUNES Cliquer sur l&rsquo;image\" \/>\n<meta property=\"og:url\" content=\"https:\/\/adca-artois.fr\/index.php\/liens\/\" \/>\n<meta property=\"og:site_name\" content=\"Association pour la D\u00e9couverte d&#039;un Coin d&#039;Artois - entre Lys et Clarence -\" \/>\n<meta property=\"article:modified_time\" content=\"2024-08-11T17:56:00+00:00\" \/>\n<meta property=\"og:image\" content=\"https:\/\/adca-artois.fr\/wp-content\/uploads\/2023\/09\/liens.jpg\" \/>\n<meta name=\"twitter:card\" content=\"summary_large_image\" \/>\n<meta name=\"twitter:label1\" content=\"Dur\u00e9e de lecture estim\u00e9e\" \/>\n\t<meta name=\"twitter:data1\" content=\"1 minute\" \/>\n<script type=\"application\/ld+json\" class=\"yoast-schema-graph\">{\"@context\":\"https:\/\/schema.org\",\"@graph\":[{\"@type\":\"WebPage\",\"@id\":\"https:\/\/adca-artois.fr\/index.php\/liens\/\",\"url\":\"https:\/\/adca-artois.fr\/index.php\/liens\/\",\"name\":\"LIENS - Association pour la D\u00e9couverte d&#039;un Coin d&#039;Artois - entre Lys et Clarence -\",\"isPartOf\":{\"@id\":\"https:\/\/adca-artois.fr\/#website\"},\"datePublished\":\"2023-09-13T18:22:36+00:00\",\"dateModified\":\"2024-08-11T17:56:00+00:00\",\"breadcrumb\":{\"@id\":\"https:\/\/adca-artois.fr\/index.php\/liens\/#breadcrumb\"},\"inLanguage\":\"fr-FR\",\"potentialAction\":[{\"@type\":\"ReadAction\",\"target\":[\"https:\/\/adca-artois.fr\/index.php\/liens\/\"]}]},{\"@type\":\"BreadcrumbList\",\"@id\":\"https:\/\/adca-artois.fr\/index.php\/liens\/#breadcrumb\",\"itemListElement\":[{\"@type\":\"ListItem\",\"position\":1,\"name\":\"Accueil\",\"item\":\"https:\/\/adca-artois.fr\/\"},{\"@type\":\"ListItem\",\"position\":2,\"name\":\"LIENS\"}]},{\"@type\":\"WebSite\",\"@id\":\"https:\/\/adca-artois.fr\/#website\",\"url\":\"https:\/\/adca-artois.fr\/\",\"name\":\"Association pour la D\u00e9couverte d&#039;un Coin d&#039;Artois - entre Lys et Clarence -\",\"description\":\"L&#039;A.D.C.A est une Association r\u00e9gie par la loi du 1er Juillet 1901. Elle a \u00e9t\u00e9 fond\u00e9e le 23 janvier 1986. Notre Association propose la D\u00e9couverte et la promotion  de l&#039;histoire d&#039;un Coin d&#039;Artois sous tous ses aspects pour la partager avec le plus grand nombre d&#039;amateurs de tout \u00e2ge. Elle compte environ 60 membres. Si vous \u00eates int\u00e9ress\u00e9 par l&#039;histoire de notre r\u00e9gion, par des recherches g\u00e9n\u00e9alogiques ou participer  \u00e0 nos sorties th\u00e9matiques. Rejoignez-nous. L&#039;adh\u00e9sion est de 10 \u20ac et 15 \u20ac pour les couples.\",\"alternateName\":\"ADCA\",\"potentialAction\":[{\"@type\":\"SearchAction\",\"target\":{\"@type\":\"EntryPoint\",\"urlTemplate\":\"https:\/\/adca-artois.fr\/?s={search_term_string}\"},\"query-input\":\"required name=search_term_string\"}],\"inLanguage\":\"fr-FR\"}]}<\/script>\n<!-- \/ Yoast SEO plugin. -->","yoast_head_json":{"title":"LIENS - Association pour la D\u00e9couverte d&#039;un Coin d&#039;Artois - entre Lys et Clarence -","robots":{"index":"index","follow":"follow","max-snippet":"max-snippet:-1","max-image-preview":"max-image-preview:large","max-video-preview":"max-video-preview:-1"},"canonical":"https:\/\/adca-artois.fr\/index.php\/liens\/","og_locale":"fr_FR","og_type":"article","og_title":"LIENS - Association pour la D\u00e9couverte d&#039;un Coin d&#039;Artois - entre Lys et Clarence -","og_description":"LIENS FAVORIS VERS SITES ARCHITECTURE &amp; PATRIMOINE. RESSOURCES GENEALOGIQUES GUERRES MONDIALES GUERRE d&rsquo;ALGERIE HISTOIRE LOCALE &amp; ETHNOLOGIE TOURISME &amp; CULTURE CARTES &amp; CADASTRE DICTIONNAIRE EN LIGNE SITES COMMUNES Cliquer sur l&rsquo;image","og_url":"https:\/\/adca-artois.fr\/index.php\/liens\/","og_site_name":"Association pour la D\u00e9couverte d&#039;un Coin d&#039;Artois - entre Lys et Clarence -","article_modified_time":"2024-08-11T17:56:00+00:00","og_image":[{"url":"https:\/\/adca-artois.fr\/wp-content\/uploads\/2023\/09\/liens.jpg"}],"twitter_card":"summary_large_image","twitter_misc":{"Dur\u00e9e de lecture estim\u00e9e":"1 minute"},"schema":{"@context":"https:\/\/schema.org","@graph":[{"@type":"WebPage","@id":"https:\/\/adca-artois.fr\/index.php\/liens\/","url":"https:\/\/adca-artois.fr\/index.php\/liens\/","name":"LIENS - Association pour la D\u00e9couverte d&#039;un Coin d&#039;Artois - entre Lys et Clarence -","isPartOf":{"@id":"https:\/\/adca-artois.fr\/#website"},"datePublished":"2023-09-13T18:22:36+00:00","dateModified":"2024-08-11T17:56:00+00:00","breadcrumb":{"@id":"https:\/\/adca-artois.fr\/index.php\/liens\/#breadcrumb"},"inLanguage":"fr-FR","potentialAction":[{"@type":"ReadAction","target":["https:\/\/adca-artois.fr\/index.php\/liens\/"]}]},{"@type":"BreadcrumbList","@id":"https:\/\/adca-artois.fr\/index.php\/liens\/#breadcrumb","itemListElement":[{"@type":"ListItem","position":1,"name":"Accueil","item":"https:\/\/adca-artois.fr\/"},{"@type":"ListItem","position":2,"name":"LIENS"}]},{"@type":"WebSite","@id":"https:\/\/adca-artois.fr\/#website","url":"https:\/\/adca-artois.fr\/","name":"Association pour la D\u00e9couverte d&#039;un Coin d&#039;Artois - entre Lys et Clarence -","description":"L&#039;A.D.C.A est une Association r\u00e9gie par la loi du 1er Juillet 1901. Elle a \u00e9t\u00e9 fond\u00e9e le 23 janvier 1986. Notre Association propose la D\u00e9couverte et la promotion  de l&#039;histoire d&#039;un Coin d&#039;Artois sous tous ses aspects pour la partager avec le plus grand nombre d&#039;amateurs de tout \u00e2ge. Elle compte environ 60 membres. Si vous \u00eates int\u00e9ress\u00e9 par l&#039;histoire de notre r\u00e9gion, par des recherches g\u00e9n\u00e9alogiques ou participer  \u00e0 nos sorties th\u00e9matiques. Rejoignez-nous. L&#039;adh\u00e9sion est de 10 \u20ac et 15 \u20ac pour les couples.","alternateName":"ADCA","potentialAction":[{"@type":"SearchAction","target":{"@type":"EntryPoint","urlTemplate":"https:\/\/adca-artois.fr\/?s={search_term_string}"},"query-input":"required name=search_term_string"}],"inLanguage":"fr-FR"}]}},"_links":{"self":[{"href":"https:\/\/adca-artois.fr\/index.php\/wp-json\/wp\/v2\/pages\/33","targetHints":{"allow":["GET"]}}],"collection":[{"href":"https:\/\/adca-artois.fr\/index.php\/wp-json\/wp\/v2\/pages"}],"about":[{"href":"https:\/\/adca-artois.fr\/index.php\/wp-json\/wp\/v2\/types\/page"}],"author":[{"embeddable":true,"href":"https:\/\/adca-artois.fr\/index.php\/wp-json\/wp\/v2\/users\/1"}],"replies":[{"embeddable":true,"href":"https:\/\/adca-artois.fr\/index.php\/wp-json\/wp\/v2\/comments?post=33"}],"version-history":[{"count":12,"href":"https:\/\/adca-artois.fr\/index.php\/wp-json\/wp\/v2\/pages\/33\/revisions"}],"predecessor-version":[{"id":727,"href":"https:\/\/adca-artois.fr\/index.php\/wp-json\/wp\/v2\/pages\/33\/revisions\/727"}],"wp:attachment":[{"href":"https:\/\/adca-artois.fr\/index.php\/wp-json\/wp\/v2\/media?parent=33"}],"curies":[{"name":"wp","href":"https:\/\/api.w.org\/{rel}","templated":true}]}}