{"id":31,"date":"2023-09-13T20:22:36","date_gmt":"2023-09-13T18:22:36","guid":{"rendered":"https:\/\/adca-artois.fr\/?page_id=31"},"modified":"2023-09-22T17:36:06","modified_gmt":"2023-09-22T15:36:06","slug":"sorties","status":"publish","type":"page","link":"https:\/\/adca-artois.fr\/index.php\/sorties\/","title":{"rendered":"SORTIES"},"content":{"rendered":"\n<p class=\"has-background has-medium-font-size\" style=\"background:linear-gradient(135deg,rgba(106,159,147,0) 0%,rgb(155,81,224) 100%)\">Au moins une fois l&rsquo;an, fin Juin ou d\u00e9but juillet, l&rsquo;ADCA propose \u00e0 ses adh\u00e9rents une journ\u00e9e-excursion en autocar ou en co-voiturage dans la r\u00e9gion.<\/p>\n\n\n\n<p class=\"has-background has-medium-font-size\" style=\"background:linear-gradient(135deg,rgba(106,159,147,0) 0%,rgb(155,81,224) 100%)\">A cette occasion, de nombreux membres profitent de se retrouver, pour ce moment d&rsquo;une grande convivialit\u00e9 agr\u00e9ment\u00e9 d&rsquo;un repas et de visites guid\u00e9es.<\/p>\n","protected":false},"excerpt":{"rendered":"<p>Au moins une fois l&rsquo;an, fin Juin ou d\u00e9but juillet, l&rsquo;ADCA propose \u00e0 ses adh\u00e9rents une journ\u00e9e-excursion en autocar ou en co-voiturage dans la r\u00e9gion. A cette occasion, de nombreux membres profitent de se retrouver, pour ce moment d&rsquo;une grande convivialit\u00e9 agr\u00e9ment\u00e9 d&rsquo;un repas et de visites guid\u00e9es.<\/p>\n","protected":false},"author":1,"featured_media":0,"parent":0,"menu_order":0,"comment_status":"closed","ping_status":"closed","template":"","meta":{"footnotes":""},"class_list":["post-31","page","type-page","status-publish","hentry","entry"],"yoast_head":"<!-- This site is optimized with the Yoast SEO plugin v21.2 - https:\/\/yoast.com\/wordpress\/plugins\/seo\/ -->\n<title>SORTIES - Association pour la D\u00e9couverte d&#039;un Coin d&#039;Artois - entre Lys et Clarence -<\/title>\n<meta name=\"robots\" content=\"index, follow, max-snippet:-1, max-image-preview:large, max-video-preview:-1\" \/>\n<link rel=\"canonical\" href=\"https:\/\/adca-artois.fr\/index.php\/sorties\/\" \/>\n<meta property=\"og:locale\" content=\"fr_FR\" \/>\n<meta property=\"og:type\" content=\"article\" \/>\n<meta property=\"og:title\" content=\"SORTIES - Association pour la D\u00e9couverte d&#039;un Coin d&#039;Artois - entre Lys et Clarence -\" \/>\n<meta property=\"og:description\" content=\"Au moins une fois l&rsquo;an, fin Juin ou d\u00e9but juillet, l&rsquo;ADCA propose \u00e0 ses adh\u00e9rents une journ\u00e9e-excursion en autocar ou en co-voiturage dans la r\u00e9gion. A cette occasion, de nombreux membres profitent de se retrouver, pour ce moment d&rsquo;une grande convivialit\u00e9 agr\u00e9ment\u00e9 d&rsquo;un repas et de visites guid\u00e9es.\" \/>\n<meta property=\"og:url\" content=\"https:\/\/adca-artois.fr\/index.php\/sorties\/\" \/>\n<meta property=\"og:site_name\" content=\"Association pour la D\u00e9couverte d&#039;un Coin d&#039;Artois - entre Lys et Clarence -\" \/>\n<meta property=\"article:modified_time\" content=\"2023-09-22T15:36:06+00:00\" \/>\n<meta name=\"twitter:card\" content=\"summary_large_image\" \/>\n<script type=\"application\/ld+json\" class=\"yoast-schema-graph\">{\"@context\":\"https:\/\/schema.org\",\"@graph\":[{\"@type\":\"WebPage\",\"@id\":\"https:\/\/adca-artois.fr\/index.php\/sorties\/\",\"url\":\"https:\/\/adca-artois.fr\/index.php\/sorties\/\",\"name\":\"SORTIES - Association pour la D\u00e9couverte d&#039;un Coin d&#039;Artois - entre Lys et Clarence -\",\"isPartOf\":{\"@id\":\"https:\/\/adca-artois.fr\/#website\"},\"datePublished\":\"2023-09-13T18:22:36+00:00\",\"dateModified\":\"2023-09-22T15:36:06+00:00\",\"breadcrumb\":{\"@id\":\"https:\/\/adca-artois.fr\/index.php\/sorties\/#breadcrumb\"},\"inLanguage\":\"fr-FR\",\"potentialAction\":[{\"@type\":\"ReadAction\",\"target\":[\"https:\/\/adca-artois.fr\/index.php\/sorties\/\"]}]},{\"@type\":\"BreadcrumbList\",\"@id\":\"https:\/\/adca-artois.fr\/index.php\/sorties\/#breadcrumb\",\"itemListElement\":[{\"@type\":\"ListItem\",\"position\":1,\"name\":\"Accueil\",\"item\":\"https:\/\/adca-artois.fr\/\"},{\"@type\":\"ListItem\",\"position\":2,\"name\":\"SORTIES\"}]},{\"@type\":\"WebSite\",\"@id\":\"https:\/\/adca-artois.fr\/#website\",\"url\":\"https:\/\/adca-artois.fr\/\",\"name\":\"Association pour la D\u00e9couverte d&#039;un Coin d&#039;Artois - entre Lys et Clarence -\",\"description\":\"L&#039;A.D.C.A est une Association r\u00e9gie par la loi du 1er Juillet 1901. Elle a \u00e9t\u00e9 fond\u00e9e le 23 janvier 1986. Notre Association propose la D\u00e9couverte et la promotion  de l&#039;histoire d&#039;un Coin d&#039;Artois sous tous ses aspects pour la partager avec le plus grand nombre d&#039;amateurs de tout \u00e2ge. Elle compte environ 60 membres. Si vous \u00eates int\u00e9ress\u00e9 par l&#039;histoire de notre r\u00e9gion, par des recherches g\u00e9n\u00e9alogiques ou participer  \u00e0 nos sorties th\u00e9matiques. Rejoignez-nous. L&#039;adh\u00e9sion est de 10 \u20ac et 15 \u20ac pour les couples.\",\"alternateName\":\"ADCA\",\"potentialAction\":[{\"@type\":\"SearchAction\",\"target\":{\"@type\":\"EntryPoint\",\"urlTemplate\":\"https:\/\/adca-artois.fr\/?s={search_term_string}\"},\"query-input\":\"required name=search_term_string\"}],\"inLanguage\":\"fr-FR\"}]}<\/script>\n<!-- \/ Yoast SEO plugin. -->","yoast_head_json":{"title":"SORTIES - Association pour la D\u00e9couverte d&#039;un Coin d&#039;Artois - entre Lys et Clarence -","robots":{"index":"index","follow":"follow","max-snippet":"max-snippet:-1","max-image-preview":"max-image-preview:large","max-video-preview":"max-video-preview:-1"},"canonical":"https:\/\/adca-artois.fr\/index.php\/sorties\/","og_locale":"fr_FR","og_type":"article","og_title":"SORTIES - Association pour la D\u00e9couverte d&#039;un Coin d&#039;Artois - entre Lys et Clarence -","og_description":"Au moins une fois l&rsquo;an, fin Juin ou d\u00e9but juillet, l&rsquo;ADCA propose \u00e0 ses adh\u00e9rents une journ\u00e9e-excursion en autocar ou en co-voiturage dans la r\u00e9gion. A cette occasion, de nombreux membres profitent de se retrouver, pour ce moment d&rsquo;une grande convivialit\u00e9 agr\u00e9ment\u00e9 d&rsquo;un repas et de visites guid\u00e9es.","og_url":"https:\/\/adca-artois.fr\/index.php\/sorties\/","og_site_name":"Association pour la D\u00e9couverte d&#039;un Coin d&#039;Artois - entre Lys et Clarence -","article_modified_time":"2023-09-22T15:36:06+00:00","twitter_card":"summary_large_image","schema":{"@context":"https:\/\/schema.org","@graph":[{"@type":"WebPage","@id":"https:\/\/adca-artois.fr\/index.php\/sorties\/","url":"https:\/\/adca-artois.fr\/index.php\/sorties\/","name":"SORTIES - Association pour la D\u00e9couverte d&#039;un Coin d&#039;Artois - entre Lys et Clarence -","isPartOf":{"@id":"https:\/\/adca-artois.fr\/#website"},"datePublished":"2023-09-13T18:22:36+00:00","dateModified":"2023-09-22T15:36:06+00:00","breadcrumb":{"@id":"https:\/\/adca-artois.fr\/index.php\/sorties\/#breadcrumb"},"inLanguage":"fr-FR","potentialAction":[{"@type":"ReadAction","target":["https:\/\/adca-artois.fr\/index.php\/sorties\/"]}]},{"@type":"BreadcrumbList","@id":"https:\/\/adca-artois.fr\/index.php\/sorties\/#breadcrumb","itemListElement":[{"@type":"ListItem","position":1,"name":"Accueil","item":"https:\/\/adca-artois.fr\/"},{"@type":"ListItem","position":2,"name":"SORTIES"}]},{"@type":"WebSite","@id":"https:\/\/adca-artois.fr\/#website","url":"https:\/\/adca-artois.fr\/","name":"Association pour la D\u00e9couverte d&#039;un Coin d&#039;Artois - entre Lys et Clarence -","description":"L&#039;A.D.C.A est une Association r\u00e9gie par la loi du 1er Juillet 1901. Elle a \u00e9t\u00e9 fond\u00e9e le 23 janvier 1986. Notre Association propose la D\u00e9couverte et la promotion  de l&#039;histoire d&#039;un Coin d&#039;Artois sous tous ses aspects pour la partager avec le plus grand nombre d&#039;amateurs de tout \u00e2ge. Elle compte environ 60 membres. Si vous \u00eates int\u00e9ress\u00e9 par l&#039;histoire de notre r\u00e9gion, par des recherches g\u00e9n\u00e9alogiques ou participer  \u00e0 nos sorties th\u00e9matiques. Rejoignez-nous. L&#039;adh\u00e9sion est de 10 \u20ac et 15 \u20ac pour les couples.","alternateName":"ADCA","potentialAction":[{"@type":"SearchAction","target":{"@type":"EntryPoint","urlTemplate":"https:\/\/adca-artois.fr\/?s={search_term_string}"},"query-input":"required name=search_term_string"}],"inLanguage":"fr-FR"}]}},"_links":{"self":[{"href":"https:\/\/adca-artois.fr\/index.php\/wp-json\/wp\/v2\/pages\/31","targetHints":{"allow":["GET"]}}],"collection":[{"href":"https:\/\/adca-artois.fr\/index.php\/wp-json\/wp\/v2\/pages"}],"about":[{"href":"https:\/\/adca-artois.fr\/index.php\/wp-json\/wp\/v2\/types\/page"}],"author":[{"embeddable":true,"href":"https:\/\/adca-artois.fr\/index.php\/wp-json\/wp\/v2\/users\/1"}],"replies":[{"embeddable":true,"href":"https:\/\/adca-artois.fr\/index.php\/wp-json\/wp\/v2\/comments?post=31"}],"version-history":[{"count":2,"href":"https:\/\/adca-artois.fr\/index.php\/wp-json\/wp\/v2\/pages\/31\/revisions"}],"predecessor-version":[{"id":534,"href":"https:\/\/adca-artois.fr\/index.php\/wp-json\/wp\/v2\/pages\/31\/revisions\/534"}],"wp:attachment":[{"href":"https:\/\/adca-artois.fr\/index.php\/wp-json\/wp\/v2\/media?parent=31"}],"curies":[{"name":"wp","href":"https:\/\/api.w.org\/{rel}","templated":true}]}}