{"id":30,"date":"2023-09-13T20:22:36","date_gmt":"2023-09-13T18:22:36","guid":{"rendered":"https:\/\/adca-artois.fr\/?page_id=30"},"modified":"2023-10-16T21:50:31","modified_gmt":"2023-10-16T19:50:31","slug":"publications","status":"publish","type":"page","link":"https:\/\/adca-artois.fr\/index.php\/publications\/","title":{"rendered":"PUBLICATIONS"},"content":{"rendered":"\n<h1 class=\"wp-block-heading has-text-align-center\"><strong>Nos Publications<\/strong><\/h1>\n\n\n\n<figure class=\"wp-block-table aligncenter\"><table><tbody><tr><td class=\"has-text-align-center\" data-align=\"center\"><a href=\"https:\/\/adca-artois.fr\/index.php\/la-memoire-du-passe\/\"><img loading=\"lazy\" decoding=\"async\" width=\"150\" height=\"201\" class=\"wp-image-123\" style=\"width: 150px;\" src=\"https:\/\/adca-artois.fr\/wp-content\/uploads\/2023\/09\/memoire6.jpg\" alt=\"\"><\/a><a href=\"publications2.htm\"><\/a><\/td><td class=\"has-text-align-center\" data-align=\"center\"><a href=\"https:\/\/adca-artois.fr\/wp-content\/uploads\/2023\/09\/etudesdoc.htm\"><img loading=\"lazy\" decoding=\"async\" width=\"150\" height=\"231\" class=\"wp-image-183\" style=\"width: 150px;\" src=\"https:\/\/adca-artois.fr\/wp-content\/uploads\/2023\/09\/Ed4.jpg\" alt=\"\"><\/a><a href=\"etudesdoc.htm\"><\/a><\/td><td class=\"has-text-align-center\" data-align=\"center\"><a href=\"https:\/\/adca-artois.fr\/wp-content\/uploads\/2023\/09\/monographies.htm\"><img loading=\"lazy\" decoding=\"async\" width=\"150\" height=\"222\" class=\"wp-image-186\" style=\"width: 150px;\" src=\"https:\/\/adca-artois.fr\/wp-content\/uploads\/2023\/09\/ames.jpg\" alt=\"\"><\/a><a href=\"monographies.htm\"><\/a><\/td><td class=\"has-text-align-center\" data-align=\"center\"><a href=\"https:\/\/adca-artois.fr\/wp-content\/uploads\/2023\/09\/souvenez-vous.htm\"><img loading=\"lazy\" decoding=\"async\" width=\"150\" height=\"210\" class=\"wp-image-188\" style=\"width: 150px;\" src=\"https:\/\/adca-artois.fr\/wp-content\/uploads\/2023\/09\/souvenez-vous.jpg\" alt=\"\" srcset=\"https:\/\/adca-artois.fr\/wp-content\/uploads\/2023\/09\/souvenez-vous.jpg 656w, https:\/\/adca-artois.fr\/wp-content\/uploads\/2023\/09\/souvenez-vous-214x300.jpg 214w\" sizes=\"auto, (max-width: 150px) 100vw, 150px\" \/><\/a><a href=\"souvenez-vous.htm\"><\/a><\/td><\/tr><tr><td class=\"has-text-align-center\" data-align=\"center\"><strong>Bulletins M\u00e9moire du pass\u00e9<\/strong><\/td><td class=\"has-text-align-center\" data-align=\"center\"><strong>Etudes et Documents<\/strong><\/td><td class=\"has-text-align-center\" data-align=\"center\"><strong>Monographies<\/strong><\/td><td class=\"has-text-align-center\" data-align=\"center\"><strong>Seconde Guerre Mondiale<\/strong><\/td><\/tr><\/tbody><\/table><figcaption class=\"wp-element-caption\"><br><a href=\"https:\/\/adca-artois.fr\/wp-content\/uploads\/2023\/10\/Bulletin-de-commande.pdf\"><strong><mark style=\"background-color:rgba(0, 0, 0, 0)\" class=\"has-inline-color has-luminous-vivid-orange-color\">BON DE COMMANDE<\/mark><\/strong><\/a><\/figcaption><\/figure>\n","protected":false},"excerpt":{"rendered":"<p>Nos Publications Bulletins M\u00e9moire du pass\u00e9 Etudes et Documents Monographies Seconde Guerre Mondiale BON DE COMMANDE<\/p>\n","protected":false},"author":1,"featured_media":0,"parent":0,"menu_order":0,"comment_status":"closed","ping_status":"closed","template":"","meta":{"footnotes":""},"class_list":["post-30","page","type-page","status-publish","hentry","entry"],"yoast_head":"<!-- This site is optimized with the Yoast SEO plugin v21.2 - https:\/\/yoast.com\/wordpress\/plugins\/seo\/ -->\n<title>PUBLICATIONS - Association pour la D\u00e9couverte d&#039;un Coin d&#039;Artois - entre Lys et Clarence -<\/title>\n<meta name=\"robots\" content=\"index, follow, max-snippet:-1, max-image-preview:large, max-video-preview:-1\" \/>\n<link rel=\"canonical\" href=\"https:\/\/adca-artois.fr\/index.php\/publications\/\" \/>\n<meta property=\"og:locale\" content=\"fr_FR\" \/>\n<meta property=\"og:type\" content=\"article\" \/>\n<meta property=\"og:title\" content=\"PUBLICATIONS - Association pour la D\u00e9couverte d&#039;un Coin d&#039;Artois - entre Lys et Clarence -\" \/>\n<meta property=\"og:description\" content=\"Nos Publications Bulletins M\u00e9moire du pass\u00e9 Etudes et Documents Monographies Seconde Guerre Mondiale BON DE COMMANDE\" \/>\n<meta property=\"og:url\" content=\"https:\/\/adca-artois.fr\/index.php\/publications\/\" \/>\n<meta property=\"og:site_name\" content=\"Association pour la D\u00e9couverte d&#039;un Coin d&#039;Artois - entre Lys et Clarence -\" \/>\n<meta property=\"article:modified_time\" content=\"2023-10-16T19:50:31+00:00\" \/>\n<meta property=\"og:image\" content=\"https:\/\/adca-artois.fr\/wp-content\/uploads\/2023\/09\/memoire6.jpg\" \/>\n<meta name=\"twitter:card\" content=\"summary_large_image\" \/>\n<meta name=\"twitter:label1\" content=\"Dur\u00e9e de lecture estim\u00e9e\" \/>\n\t<meta name=\"twitter:data1\" content=\"1 minute\" \/>\n<script type=\"application\/ld+json\" class=\"yoast-schema-graph\">{\"@context\":\"https:\/\/schema.org\",\"@graph\":[{\"@type\":\"WebPage\",\"@id\":\"https:\/\/adca-artois.fr\/index.php\/publications\/\",\"url\":\"https:\/\/adca-artois.fr\/index.php\/publications\/\",\"name\":\"PUBLICATIONS - Association pour la D\u00e9couverte d&#039;un Coin d&#039;Artois - entre Lys et Clarence -\",\"isPartOf\":{\"@id\":\"https:\/\/adca-artois.fr\/#website\"},\"datePublished\":\"2023-09-13T18:22:36+00:00\",\"dateModified\":\"2023-10-16T19:50:31+00:00\",\"breadcrumb\":{\"@id\":\"https:\/\/adca-artois.fr\/index.php\/publications\/#breadcrumb\"},\"inLanguage\":\"fr-FR\",\"potentialAction\":[{\"@type\":\"ReadAction\",\"target\":[\"https:\/\/adca-artois.fr\/index.php\/publications\/\"]}]},{\"@type\":\"BreadcrumbList\",\"@id\":\"https:\/\/adca-artois.fr\/index.php\/publications\/#breadcrumb\",\"itemListElement\":[{\"@type\":\"ListItem\",\"position\":1,\"name\":\"Accueil\",\"item\":\"https:\/\/adca-artois.fr\/\"},{\"@type\":\"ListItem\",\"position\":2,\"name\":\"PUBLICATIONS\"}]},{\"@type\":\"WebSite\",\"@id\":\"https:\/\/adca-artois.fr\/#website\",\"url\":\"https:\/\/adca-artois.fr\/\",\"name\":\"Association pour la D\u00e9couverte d&#039;un Coin d&#039;Artois - entre Lys et Clarence -\",\"description\":\"L&#039;A.D.C.A est une Association r\u00e9gie par la loi du 1er Juillet 1901. Elle a \u00e9t\u00e9 fond\u00e9e le 23 janvier 1986. Notre Association propose la D\u00e9couverte et la promotion  de l&#039;histoire d&#039;un Coin d&#039;Artois sous tous ses aspects pour la partager avec le plus grand nombre d&#039;amateurs de tout \u00e2ge. Elle compte environ 60 membres. Si vous \u00eates int\u00e9ress\u00e9 par l&#039;histoire de notre r\u00e9gion, par des recherches g\u00e9n\u00e9alogiques ou participer  \u00e0 nos sorties th\u00e9matiques. Rejoignez-nous. L&#039;adh\u00e9sion est de 10 \u20ac et 15 \u20ac pour les couples.\",\"alternateName\":\"ADCA\",\"potentialAction\":[{\"@type\":\"SearchAction\",\"target\":{\"@type\":\"EntryPoint\",\"urlTemplate\":\"https:\/\/adca-artois.fr\/?s={search_term_string}\"},\"query-input\":\"required name=search_term_string\"}],\"inLanguage\":\"fr-FR\"}]}<\/script>\n<!-- \/ Yoast SEO plugin. -->","yoast_head_json":{"title":"PUBLICATIONS - Association pour la D\u00e9couverte d&#039;un Coin d&#039;Artois - entre Lys et Clarence -","robots":{"index":"index","follow":"follow","max-snippet":"max-snippet:-1","max-image-preview":"max-image-preview:large","max-video-preview":"max-video-preview:-1"},"canonical":"https:\/\/adca-artois.fr\/index.php\/publications\/","og_locale":"fr_FR","og_type":"article","og_title":"PUBLICATIONS - Association pour la D\u00e9couverte d&#039;un Coin d&#039;Artois - entre Lys et Clarence -","og_description":"Nos Publications Bulletins M\u00e9moire du pass\u00e9 Etudes et Documents Monographies Seconde Guerre Mondiale BON DE COMMANDE","og_url":"https:\/\/adca-artois.fr\/index.php\/publications\/","og_site_name":"Association pour la D\u00e9couverte d&#039;un Coin d&#039;Artois - entre Lys et Clarence -","article_modified_time":"2023-10-16T19:50:31+00:00","og_image":[{"url":"https:\/\/adca-artois.fr\/wp-content\/uploads\/2023\/09\/memoire6.jpg"}],"twitter_card":"summary_large_image","twitter_misc":{"Dur\u00e9e de lecture estim\u00e9e":"1 minute"},"schema":{"@context":"https:\/\/schema.org","@graph":[{"@type":"WebPage","@id":"https:\/\/adca-artois.fr\/index.php\/publications\/","url":"https:\/\/adca-artois.fr\/index.php\/publications\/","name":"PUBLICATIONS - Association pour la D\u00e9couverte d&#039;un Coin d&#039;Artois - entre Lys et Clarence -","isPartOf":{"@id":"https:\/\/adca-artois.fr\/#website"},"datePublished":"2023-09-13T18:22:36+00:00","dateModified":"2023-10-16T19:50:31+00:00","breadcrumb":{"@id":"https:\/\/adca-artois.fr\/index.php\/publications\/#breadcrumb"},"inLanguage":"fr-FR","potentialAction":[{"@type":"ReadAction","target":["https:\/\/adca-artois.fr\/index.php\/publications\/"]}]},{"@type":"BreadcrumbList","@id":"https:\/\/adca-artois.fr\/index.php\/publications\/#breadcrumb","itemListElement":[{"@type":"ListItem","position":1,"name":"Accueil","item":"https:\/\/adca-artois.fr\/"},{"@type":"ListItem","position":2,"name":"PUBLICATIONS"}]},{"@type":"WebSite","@id":"https:\/\/adca-artois.fr\/#website","url":"https:\/\/adca-artois.fr\/","name":"Association pour la D\u00e9couverte d&#039;un Coin d&#039;Artois - entre Lys et Clarence -","description":"L&#039;A.D.C.A est une Association r\u00e9gie par la loi du 1er Juillet 1901. Elle a \u00e9t\u00e9 fond\u00e9e le 23 janvier 1986. Notre Association propose la D\u00e9couverte et la promotion  de l&#039;histoire d&#039;un Coin d&#039;Artois sous tous ses aspects pour la partager avec le plus grand nombre d&#039;amateurs de tout \u00e2ge. Elle compte environ 60 membres. Si vous \u00eates int\u00e9ress\u00e9 par l&#039;histoire de notre r\u00e9gion, par des recherches g\u00e9n\u00e9alogiques ou participer  \u00e0 nos sorties th\u00e9matiques. Rejoignez-nous. L&#039;adh\u00e9sion est de 10 \u20ac et 15 \u20ac pour les couples.","alternateName":"ADCA","potentialAction":[{"@type":"SearchAction","target":{"@type":"EntryPoint","urlTemplate":"https:\/\/adca-artois.fr\/?s={search_term_string}"},"query-input":"required name=search_term_string"}],"inLanguage":"fr-FR"}]}},"_links":{"self":[{"href":"https:\/\/adca-artois.fr\/index.php\/wp-json\/wp\/v2\/pages\/30","targetHints":{"allow":["GET"]}}],"collection":[{"href":"https:\/\/adca-artois.fr\/index.php\/wp-json\/wp\/v2\/pages"}],"about":[{"href":"https:\/\/adca-artois.fr\/index.php\/wp-json\/wp\/v2\/types\/page"}],"author":[{"embeddable":true,"href":"https:\/\/adca-artois.fr\/index.php\/wp-json\/wp\/v2\/users\/1"}],"replies":[{"embeddable":true,"href":"https:\/\/adca-artois.fr\/index.php\/wp-json\/wp\/v2\/comments?post=30"}],"version-history":[{"count":18,"href":"https:\/\/adca-artois.fr\/index.php\/wp-json\/wp\/v2\/pages\/30\/revisions"}],"predecessor-version":[{"id":609,"href":"https:\/\/adca-artois.fr\/index.php\/wp-json\/wp\/v2\/pages\/30\/revisions\/609"}],"wp:attachment":[{"href":"https:\/\/adca-artois.fr\/index.php\/wp-json\/wp\/v2\/media?parent=30"}],"curies":[{"name":"wp","href":"https:\/\/api.w.org\/{rel}","templated":true}]}}