{"id":28,"date":"2023-09-13T20:22:36","date_gmt":"2023-09-13T18:22:36","guid":{"rendered":"https:\/\/adca-artois.fr\/?page_id=28"},"modified":"2025-06-25T20:37:39","modified_gmt":"2025-06-25T18:37:39","slug":"bibliotheque","status":"publish","type":"page","link":"https:\/\/adca-artois.fr\/index.php\/bibliotheque\/","title":{"rendered":"BIBLIOTHEQUE"},"content":{"rendered":"\n<p class=\"has-text-align-center has-large-font-size\"><strong>Biblioth\u00e8que de l&rsquo;A.D.C.A<\/strong><\/p>\n\n\n\n<p>Des permanences de biblioth\u00e8que ont lieu environ une fois par trimestre \u00e0&nbsp;<strong>Burbure &#8211; 15 Rue No\u00e9mie Delobelle. Salle au 1er \u00e9tage<\/strong>, en principe le samedi apr\u00e8s-midi.<\/p>\n\n\n\n<p>Outre plus de 2000 livres d&rsquo;histoire locale et biographies historiques, l&rsquo;association poss\u00e8de un fond divers de presse locale dont la collection du journal l&rsquo;Echo-de-la-Lys de 1974 \u00e0 2000, quelques num\u00e9ros anciens du Journal de Lillers et de l&rsquo;Avenir d&rsquo;Auchel &#8230;<br><br>* La semaine religieuse du dioc\u00e8se d&rsquo;Arras 1906-1943.<br>* Annuaires du dioc\u00e8se d&rsquo;Arras 1950-1993.<br>* Bulletins de l&rsquo;enseignement primaire du Pas-de-Calais 1866-1945.<br>* M\u00e9morial administratif du Pas-de-Calais 1811-1815.<br>* Recueil des actes de la Pr\u00e9fecture 1823-1939.<\/p>\n\n\n\n<p>Relev\u00e9s divers<\/p>\n\n\n\n<p>* R\u00e9pertoire des d\u00e9c\u00e8s des instituteurs du Pas-de-Calais 1889-1917.<\/p>\n\n\n\n<p>* Livre d&rsquo;Or des instituteurs morts au champ d&rsquo;honneur en 1914-1918.<\/p>\n\n\n\n<p>* Relev\u00e9 des \u00e9pitaphes ant\u00e9rieures \u00e0 1914 des cimeti\u00e8res des Cantons d&rsquo;Auchel et de Norrent-Fontes (plus de 1000 fiches), cantons d&rsquo;Heuchin et de Fauquembergues (partiel).<br>* Table analytique de l&rsquo;annuaire dioc\u00e9sain 1864-1880 et la Semaine religieuse 1869-1943.<\/p>\n\n\n\n<figure class=\"wp-block-table\"><table class=\"has-vivid-red-color has-text-color\"><tbody><tr><td class=\"has-text-align-center\" data-align=\"center\"><strong>Liste des ouvrages de la biblioth\u00e8que de l&rsquo;ADCA<\/strong><\/td><\/tr><tr><td class=\"has-text-align-center\" data-align=\"center\"><a href=\"https:\/\/adca-artois.fr\/wp-content\/uploads\/2025\/06\/REPBIBLIO.pdf\">REPERTOIRE BIBLIOTHEQUE<\/a><a href=\"REPBIBLIO.pdf\" target=\"_blank\" rel=\"noreferrer noopener\"><\/a><\/td><\/tr><\/tbody><\/table><\/figure>\n\n\n\n<figure class=\"wp-block-table\"><table class=\"has-vivid-red-color has-text-color\"><tbody><tr><td class=\"has-text-align-center\" data-align=\"center\"><strong>Liste des journaux et archives diverses de la biblioth\u00e8que de l&rsquo;ADCA<\/strong><\/td><\/tr><tr><td class=\"has-text-align-center\" data-align=\"center\"><a href=\"https:\/\/adca-artois.fr\/wp-content\/uploads\/2024\/01\/REPARCH.pdf\">REPERTOIRE JOURNAUX ET ARCHIVES<\/a><a href=\"REPARCH.pdf\" target=\"_blank\" rel=\"noreferrer noopener\"><\/a><\/td><\/tr><\/tbody><\/table><\/figure>\n","protected":false},"excerpt":{"rendered":"<p>Biblioth\u00e8que de l&rsquo;A.D.C.A Des permanences de biblioth\u00e8que ont lieu environ une fois par trimestre \u00e0&nbsp;Burbure &#8211; 15 Rue No\u00e9mie Delobelle. Salle au 1er \u00e9tage, en principe le samedi apr\u00e8s-midi. Outre plus de 2000 livres d&rsquo;histoire locale et biographies historiques, l&rsquo;association poss\u00e8de un fond divers de presse locale dont la collection du journal l&rsquo;Echo-de-la-Lys de 1974 [&hellip;]<\/p>\n","protected":false},"author":1,"featured_media":0,"parent":0,"menu_order":0,"comment_status":"closed","ping_status":"closed","template":"","meta":{"footnotes":""},"class_list":["post-28","page","type-page","status-publish","hentry","entry"],"yoast_head":"<!-- This site is optimized with the Yoast SEO plugin v21.2 - https:\/\/yoast.com\/wordpress\/plugins\/seo\/ -->\n<title>BIBLIOTHEQUE - Association pour la D\u00e9couverte d&#039;un Coin d&#039;Artois - entre Lys et Clarence -<\/title>\n<meta name=\"robots\" content=\"index, follow, max-snippet:-1, max-image-preview:large, max-video-preview:-1\" \/>\n<link rel=\"canonical\" href=\"https:\/\/adca-artois.fr\/index.php\/bibliotheque\/\" \/>\n<meta property=\"og:locale\" content=\"fr_FR\" \/>\n<meta property=\"og:type\" content=\"article\" \/>\n<meta property=\"og:title\" content=\"BIBLIOTHEQUE - Association pour la D\u00e9couverte d&#039;un Coin d&#039;Artois - entre Lys et Clarence -\" \/>\n<meta property=\"og:description\" content=\"Biblioth\u00e8que de l&rsquo;A.D.C.A Des permanences de biblioth\u00e8que ont lieu environ une fois par trimestre \u00e0&nbsp;Burbure &#8211; 15 Rue No\u00e9mie Delobelle. Salle au 1er \u00e9tage, en principe le samedi apr\u00e8s-midi. Outre plus de 2000 livres d&rsquo;histoire locale et biographies historiques, l&rsquo;association poss\u00e8de un fond divers de presse locale dont la collection du journal l&rsquo;Echo-de-la-Lys de 1974 [&hellip;]\" \/>\n<meta property=\"og:url\" content=\"https:\/\/adca-artois.fr\/index.php\/bibliotheque\/\" \/>\n<meta property=\"og:site_name\" content=\"Association pour la D\u00e9couverte d&#039;un Coin d&#039;Artois - entre Lys et Clarence -\" \/>\n<meta property=\"article:modified_time\" content=\"2025-06-25T18:37:39+00:00\" \/>\n<meta name=\"twitter:card\" content=\"summary_large_image\" \/>\n<meta name=\"twitter:label1\" content=\"Dur\u00e9e de lecture estim\u00e9e\" \/>\n\t<meta name=\"twitter:data1\" content=\"1 minute\" \/>\n<script type=\"application\/ld+json\" class=\"yoast-schema-graph\">{\"@context\":\"https:\/\/schema.org\",\"@graph\":[{\"@type\":\"WebPage\",\"@id\":\"https:\/\/adca-artois.fr\/index.php\/bibliotheque\/\",\"url\":\"https:\/\/adca-artois.fr\/index.php\/bibliotheque\/\",\"name\":\"BIBLIOTHEQUE - Association pour la D\u00e9couverte d&#039;un Coin d&#039;Artois - entre Lys et Clarence -\",\"isPartOf\":{\"@id\":\"https:\/\/adca-artois.fr\/#website\"},\"datePublished\":\"2023-09-13T18:22:36+00:00\",\"dateModified\":\"2025-06-25T18:37:39+00:00\",\"breadcrumb\":{\"@id\":\"https:\/\/adca-artois.fr\/index.php\/bibliotheque\/#breadcrumb\"},\"inLanguage\":\"fr-FR\",\"potentialAction\":[{\"@type\":\"ReadAction\",\"target\":[\"https:\/\/adca-artois.fr\/index.php\/bibliotheque\/\"]}]},{\"@type\":\"BreadcrumbList\",\"@id\":\"https:\/\/adca-artois.fr\/index.php\/bibliotheque\/#breadcrumb\",\"itemListElement\":[{\"@type\":\"ListItem\",\"position\":1,\"name\":\"Accueil\",\"item\":\"https:\/\/adca-artois.fr\/\"},{\"@type\":\"ListItem\",\"position\":2,\"name\":\"BIBLIOTHEQUE\"}]},{\"@type\":\"WebSite\",\"@id\":\"https:\/\/adca-artois.fr\/#website\",\"url\":\"https:\/\/adca-artois.fr\/\",\"name\":\"Association pour la D\u00e9couverte d&#039;un Coin d&#039;Artois - entre Lys et Clarence -\",\"description\":\"L&#039;A.D.C.A est une Association r\u00e9gie par la loi du 1er Juillet 1901. Elle a \u00e9t\u00e9 fond\u00e9e le 23 janvier 1986. Notre Association propose la D\u00e9couverte et la promotion  de l&#039;histoire d&#039;un Coin d&#039;Artois sous tous ses aspects pour la partager avec le plus grand nombre d&#039;amateurs de tout \u00e2ge. Elle compte environ 60 membres. Si vous \u00eates int\u00e9ress\u00e9 par l&#039;histoire de notre r\u00e9gion, par des recherches g\u00e9n\u00e9alogiques ou participer  \u00e0 nos sorties th\u00e9matiques. Rejoignez-nous. L&#039;adh\u00e9sion est de 10 \u20ac et 15 \u20ac pour les couples.\",\"alternateName\":\"ADCA\",\"potentialAction\":[{\"@type\":\"SearchAction\",\"target\":{\"@type\":\"EntryPoint\",\"urlTemplate\":\"https:\/\/adca-artois.fr\/?s={search_term_string}\"},\"query-input\":\"required name=search_term_string\"}],\"inLanguage\":\"fr-FR\"}]}<\/script>\n<!-- \/ Yoast SEO plugin. -->","yoast_head_json":{"title":"BIBLIOTHEQUE - Association pour la D\u00e9couverte d&#039;un Coin d&#039;Artois - entre Lys et Clarence -","robots":{"index":"index","follow":"follow","max-snippet":"max-snippet:-1","max-image-preview":"max-image-preview:large","max-video-preview":"max-video-preview:-1"},"canonical":"https:\/\/adca-artois.fr\/index.php\/bibliotheque\/","og_locale":"fr_FR","og_type":"article","og_title":"BIBLIOTHEQUE - Association pour la D\u00e9couverte d&#039;un Coin d&#039;Artois - entre Lys et Clarence -","og_description":"Biblioth\u00e8que de l&rsquo;A.D.C.A Des permanences de biblioth\u00e8que ont lieu environ une fois par trimestre \u00e0&nbsp;Burbure &#8211; 15 Rue No\u00e9mie Delobelle. Salle au 1er \u00e9tage, en principe le samedi apr\u00e8s-midi. Outre plus de 2000 livres d&rsquo;histoire locale et biographies historiques, l&rsquo;association poss\u00e8de un fond divers de presse locale dont la collection du journal l&rsquo;Echo-de-la-Lys de 1974 [&hellip;]","og_url":"https:\/\/adca-artois.fr\/index.php\/bibliotheque\/","og_site_name":"Association pour la D\u00e9couverte d&#039;un Coin d&#039;Artois - entre Lys et Clarence -","article_modified_time":"2025-06-25T18:37:39+00:00","twitter_card":"summary_large_image","twitter_misc":{"Dur\u00e9e de lecture estim\u00e9e":"1 minute"},"schema":{"@context":"https:\/\/schema.org","@graph":[{"@type":"WebPage","@id":"https:\/\/adca-artois.fr\/index.php\/bibliotheque\/","url":"https:\/\/adca-artois.fr\/index.php\/bibliotheque\/","name":"BIBLIOTHEQUE - Association pour la D\u00e9couverte d&#039;un Coin d&#039;Artois - entre Lys et Clarence -","isPartOf":{"@id":"https:\/\/adca-artois.fr\/#website"},"datePublished":"2023-09-13T18:22:36+00:00","dateModified":"2025-06-25T18:37:39+00:00","breadcrumb":{"@id":"https:\/\/adca-artois.fr\/index.php\/bibliotheque\/#breadcrumb"},"inLanguage":"fr-FR","potentialAction":[{"@type":"ReadAction","target":["https:\/\/adca-artois.fr\/index.php\/bibliotheque\/"]}]},{"@type":"BreadcrumbList","@id":"https:\/\/adca-artois.fr\/index.php\/bibliotheque\/#breadcrumb","itemListElement":[{"@type":"ListItem","position":1,"name":"Accueil","item":"https:\/\/adca-artois.fr\/"},{"@type":"ListItem","position":2,"name":"BIBLIOTHEQUE"}]},{"@type":"WebSite","@id":"https:\/\/adca-artois.fr\/#website","url":"https:\/\/adca-artois.fr\/","name":"Association pour la D\u00e9couverte d&#039;un Coin d&#039;Artois - entre Lys et Clarence -","description":"L&#039;A.D.C.A est une Association r\u00e9gie par la loi du 1er Juillet 1901. Elle a \u00e9t\u00e9 fond\u00e9e le 23 janvier 1986. Notre Association propose la D\u00e9couverte et la promotion  de l&#039;histoire d&#039;un Coin d&#039;Artois sous tous ses aspects pour la partager avec le plus grand nombre d&#039;amateurs de tout \u00e2ge. Elle compte environ 60 membres. Si vous \u00eates int\u00e9ress\u00e9 par l&#039;histoire de notre r\u00e9gion, par des recherches g\u00e9n\u00e9alogiques ou participer  \u00e0 nos sorties th\u00e9matiques. Rejoignez-nous. L&#039;adh\u00e9sion est de 10 \u20ac et 15 \u20ac pour les couples.","alternateName":"ADCA","potentialAction":[{"@type":"SearchAction","target":{"@type":"EntryPoint","urlTemplate":"https:\/\/adca-artois.fr\/?s={search_term_string}"},"query-input":"required name=search_term_string"}],"inLanguage":"fr-FR"}]}},"_links":{"self":[{"href":"https:\/\/adca-artois.fr\/index.php\/wp-json\/wp\/v2\/pages\/28","targetHints":{"allow":["GET"]}}],"collection":[{"href":"https:\/\/adca-artois.fr\/index.php\/wp-json\/wp\/v2\/pages"}],"about":[{"href":"https:\/\/adca-artois.fr\/index.php\/wp-json\/wp\/v2\/types\/page"}],"author":[{"embeddable":true,"href":"https:\/\/adca-artois.fr\/index.php\/wp-json\/wp\/v2\/users\/1"}],"replies":[{"embeddable":true,"href":"https:\/\/adca-artois.fr\/index.php\/wp-json\/wp\/v2\/comments?post=28"}],"version-history":[{"count":21,"href":"https:\/\/adca-artois.fr\/index.php\/wp-json\/wp\/v2\/pages\/28\/revisions"}],"predecessor-version":[{"id":746,"href":"https:\/\/adca-artois.fr\/index.php\/wp-json\/wp\/v2\/pages\/28\/revisions\/746"}],"wp:attachment":[{"href":"https:\/\/adca-artois.fr\/index.php\/wp-json\/wp\/v2\/media?parent=28"}],"curies":[{"name":"wp","href":"https:\/\/api.w.org\/{rel}","templated":true}]}}