{"id":111,"date":"2026-04-12T17:20:24","date_gmt":"2026-04-12T15:20:24","guid":{"rendered":"https:\/\/adca-artois.fr\/?p=111"},"modified":"2026-04-12T17:20:25","modified_gmt":"2026-04-12T15:20:25","slug":"memoire-du-passe","status":"publish","type":"page","link":"https:\/\/adca-artois.fr\/index.php\/memoire-du-passe\/","title":{"rendered":"ESPACE-ADHERENTS"},"content":{"rendered":"","protected":true},"excerpt":{"rendered":"","protected":true},"author":1,"featured_media":0,"parent":0,"menu_order":0,"comment_status":"open","ping_status":"open","template":"","meta":{"footnotes":""},"class_list":["post-111","page","type-page","status-publish","post-password-required","hentry","entry"],"yoast_head":"<!-- This site is optimized with the Yoast SEO plugin v21.2 - https:\/\/yoast.com\/wordpress\/plugins\/seo\/ -->\n<title>ESPACE-ADHERENTS - Association pour la D\u00e9couverte d&#039;un Coin d&#039;Artois - entre Lys et Clarence -<\/title>\n<meta name=\"robots\" content=\"index, follow, max-snippet:-1, max-image-preview:large, max-video-preview:-1\" \/>\n<link rel=\"canonical\" href=\"https:\/\/adca-artois.fr\/index.php\/memoire-du-passe\/\" \/>\n<meta property=\"og:locale\" content=\"fr_FR\" \/>\n<meta property=\"og:type\" content=\"article\" \/>\n<meta property=\"og:title\" content=\"ESPACE-ADHERENTS - Association pour la D\u00e9couverte d&#039;un Coin d&#039;Artois - entre Lys et Clarence -\" \/>\n<meta property=\"og:description\" content=\"Il n\u2019y a pas d\u2019extrait, car cette publication est prot\u00e9g\u00e9e.\" \/>\n<meta property=\"og:url\" content=\"https:\/\/adca-artois.fr\/index.php\/memoire-du-passe\/\" \/>\n<meta property=\"og:site_name\" content=\"Association pour la D\u00e9couverte d&#039;un Coin d&#039;Artois - entre Lys et Clarence -\" \/>\n<meta property=\"article:modified_time\" content=\"2026-04-12T15:20:25+00:00\" \/>\n<meta name=\"twitter:card\" content=\"summary_large_image\" \/>\n<meta name=\"twitter:label1\" content=\"Dur\u00e9e de lecture estim\u00e9e\" \/>\n\t<meta name=\"twitter:data1\" content=\"4 minutes\" \/>\n<script type=\"application\/ld+json\" class=\"yoast-schema-graph\">{\"@context\":\"https:\/\/schema.org\",\"@graph\":[{\"@type\":\"WebPage\",\"@id\":\"https:\/\/adca-artois.fr\/index.php\/memoire-du-passe\/\",\"url\":\"https:\/\/adca-artois.fr\/index.php\/memoire-du-passe\/\",\"name\":\"ESPACE-ADHERENTS - Association pour la D\u00e9couverte d&#039;un Coin d&#039;Artois - entre Lys et Clarence -\",\"isPartOf\":{\"@id\":\"https:\/\/adca-artois.fr\/#website\"},\"datePublished\":\"2026-04-12T15:20:24+00:00\",\"dateModified\":\"2026-04-12T15:20:25+00:00\",\"breadcrumb\":{\"@id\":\"https:\/\/adca-artois.fr\/index.php\/memoire-du-passe\/#breadcrumb\"},\"inLanguage\":\"fr-FR\"},{\"@type\":\"WebSite\",\"@id\":\"https:\/\/adca-artois.fr\/#website\",\"url\":\"https:\/\/adca-artois.fr\/\",\"name\":\"Association pour la D\u00e9couverte d&#039;un Coin d&#039;Artois - entre Lys et Clarence -\",\"description\":\"L&#039;A.D.C.A est une Association r\u00e9gie par la loi du 1er Juillet 1901. Elle a \u00e9t\u00e9 fond\u00e9e le 23 janvier 1986. Notre Association propose la D\u00e9couverte et la promotion  de l&#039;histoire d&#039;un Coin d&#039;Artois sous tous ses aspects pour la partager avec le plus grand nombre d&#039;amateurs de tout \u00e2ge. Elle compte environ 60 membres. Si vous \u00eates int\u00e9ress\u00e9 par l&#039;histoire de notre r\u00e9gion, par des recherches g\u00e9n\u00e9alogiques ou participer  \u00e0 nos sorties th\u00e9matiques. Rejoignez-nous. L&#039;adh\u00e9sion est de 10 \u20ac et 15 \u20ac pour les couples.\",\"alternateName\":\"ADCA\",\"potentialAction\":[{\"@type\":\"SearchAction\",\"target\":{\"@type\":\"EntryPoint\",\"urlTemplate\":\"https:\/\/adca-artois.fr\/?s={search_term_string}\"},\"query-input\":\"required name=search_term_string\"}],\"inLanguage\":\"fr-FR\"}]}<\/script>\n<!-- \/ Yoast SEO plugin. -->","yoast_head_json":{"title":"ESPACE-ADHERENTS - Association pour la D\u00e9couverte d&#039;un Coin d&#039;Artois - entre Lys et Clarence -","robots":{"index":"index","follow":"follow","max-snippet":"max-snippet:-1","max-image-preview":"max-image-preview:large","max-video-preview":"max-video-preview:-1"},"canonical":"https:\/\/adca-artois.fr\/index.php\/memoire-du-passe\/","og_locale":"fr_FR","og_type":"article","og_title":"ESPACE-ADHERENTS - Association pour la D\u00e9couverte d&#039;un Coin d&#039;Artois - entre Lys et Clarence -","og_description":"Il n\u2019y a pas d\u2019extrait, car cette publication est prot\u00e9g\u00e9e.","og_url":"https:\/\/adca-artois.fr\/index.php\/memoire-du-passe\/","og_site_name":"Association pour la D\u00e9couverte d&#039;un Coin d&#039;Artois - entre Lys et Clarence -","article_modified_time":"2026-04-12T15:20:25+00:00","twitter_card":"summary_large_image","twitter_misc":{"Dur\u00e9e de lecture estim\u00e9e":"4 minutes"},"schema":{"@context":"https:\/\/schema.org","@graph":[{"@type":"WebPage","@id":"https:\/\/adca-artois.fr\/index.php\/memoire-du-passe\/","url":"https:\/\/adca-artois.fr\/index.php\/memoire-du-passe\/","name":"ESPACE-ADHERENTS - Association pour la D\u00e9couverte d&#039;un Coin d&#039;Artois - entre Lys et Clarence -","isPartOf":{"@id":"https:\/\/adca-artois.fr\/#website"},"datePublished":"2026-04-12T15:20:24+00:00","dateModified":"2026-04-12T15:20:25+00:00","breadcrumb":{"@id":"https:\/\/adca-artois.fr\/index.php\/memoire-du-passe\/#breadcrumb"},"inLanguage":"fr-FR"},{"@type":"WebSite","@id":"https:\/\/adca-artois.fr\/#website","url":"https:\/\/adca-artois.fr\/","name":"Association pour la D\u00e9couverte d&#039;un Coin d&#039;Artois - entre Lys et Clarence -","description":"L&#039;A.D.C.A est une Association r\u00e9gie par la loi du 1er Juillet 1901. Elle a \u00e9t\u00e9 fond\u00e9e le 23 janvier 1986. Notre Association propose la D\u00e9couverte et la promotion  de l&#039;histoire d&#039;un Coin d&#039;Artois sous tous ses aspects pour la partager avec le plus grand nombre d&#039;amateurs de tout \u00e2ge. Elle compte environ 60 membres. Si vous \u00eates int\u00e9ress\u00e9 par l&#039;histoire de notre r\u00e9gion, par des recherches g\u00e9n\u00e9alogiques ou participer  \u00e0 nos sorties th\u00e9matiques. Rejoignez-nous. L&#039;adh\u00e9sion est de 10 \u20ac et 15 \u20ac pour les couples.","alternateName":"ADCA","potentialAction":[{"@type":"SearchAction","target":{"@type":"EntryPoint","urlTemplate":"https:\/\/adca-artois.fr\/?s={search_term_string}"},"query-input":"required name=search_term_string"}],"inLanguage":"fr-FR"}]}},"_links":{"self":[{"href":"https:\/\/adca-artois.fr\/index.php\/wp-json\/wp\/v2\/pages\/111","targetHints":{"allow":["GET"]}}],"collection":[{"href":"https:\/\/adca-artois.fr\/index.php\/wp-json\/wp\/v2\/pages"}],"about":[{"href":"https:\/\/adca-artois.fr\/index.php\/wp-json\/wp\/v2\/types\/page"}],"author":[{"embeddable":true,"href":"https:\/\/adca-artois.fr\/index.php\/wp-json\/wp\/v2\/users\/1"}],"replies":[{"embeddable":true,"href":"https:\/\/adca-artois.fr\/index.php\/wp-json\/wp\/v2\/comments?post=111"}],"version-history":[{"count":29,"href":"https:\/\/adca-artois.fr\/index.php\/wp-json\/wp\/v2\/pages\/111\/revisions"}],"predecessor-version":[{"id":662,"href":"https:\/\/adca-artois.fr\/index.php\/wp-json\/wp\/v2\/pages\/111\/revisions\/662"}],"wp:attachment":[{"href":"https:\/\/adca-artois.fr\/index.php\/wp-json\/wp\/v2\/media?parent=111"}],"curies":[{"name":"wp","href":"https:\/\/api.w.org\/{rel}","templated":true}]}}